{"id":653,"date":"2023-04-05T09:38:29","date_gmt":"2023-04-05T09:38:29","guid":{"rendered":"http:\/\/eupharmahub.com\/?page_id=653"},"modified":"2024-03-20T09:22:05","modified_gmt":"2024-03-20T09:22:05","slug":"engedelyek","status":"publish","type":"page","link":"https:\/\/eupharmahub.com\/en\/engedelyek\/","title":{"rendered":"Licenses"},"content":{"rendered":"<div data-elementor-type=\"wp-page\" data-elementor-id=\"653\" class=\"elementor elementor-653\">\n\t\t\t\t\t\t\t\t\t<section class=\"elementor-section elementor-top-section elementor-element elementor-element-1639deb1 elementor-section-content-middle elementor-section-boxed elementor-section-height-default elementor-section-height-default\" data-id=\"1639deb1\" data-element_type=\"section\">\n\t\t\t\t\t\t<div class=\"elementor-container elementor-column-gap-no\">\n\t\t\t\t\t<div class=\"elementor-column elementor-col-100 elementor-top-column elementor-element elementor-element-447fde30\" data-id=\"447fde30\" data-element_type=\"column\">\n\t\t\t<div class=\"elementor-widget-wrap elementor-element-populated\">\n\t\t\t\t\t\t\t\t<section class=\"elementor-section elementor-inner-section elementor-element elementor-element-74313a05 elementor-section-boxed elementor-section-height-default elementor-section-height-default\" data-id=\"74313a05\" data-element_type=\"section\">\n\t\t\t\t\t\t<div class=\"elementor-container elementor-column-gap-default\">\n\t\t\t\t\t<div class=\"elementor-column elementor-col-33 elementor-inner-column elementor-element elementor-element-70f2aebe\" data-id=\"70f2aebe\" data-element_type=\"column\" data-settings=\"{&quot;background_background&quot;:&quot;classic&quot;}\">\n\t\t\t<div class=\"elementor-widget-wrap elementor-element-populated\">\n\t\t\t\t\t\t\t\t<div class=\"elementor-element elementor-element-a57d38f elementor-widget elementor-widget-image\" data-id=\"a57d38f\" data-element_type=\"widget\" data-widget_type=\"image.default\">\n\t\t\t\t<div class=\"elementor-widget-container\">\n\t\t\t<style>\/*! elementor - v3.15.0 - 20-08-2023 *\/\n.elementor-widget-image{text-align:center}.elementor-widget-image a{display:inline-block}.elementor-widget-image a img[src$=\".svg\"]{width:48px}.elementor-widget-image img{vertical-align:middle;display:inline-block}<\/style>\t\t\t\t\t\t\t\t\t\t\t\t<img decoding=\"async\" width=\"660\" height=\"220\" src=\"https:\/\/eupharmahub.com\/wp-content\/uploads\/2023\/04\/nebih_logo_660x220.jpg\" class=\"attachment-large size-large wp-image-674\" alt=\"\" srcset=\"https:\/\/eupharmahub.com\/wp-content\/uploads\/2023\/04\/nebih_logo_660x220.jpg 660w, https:\/\/eupharmahub.com\/wp-content\/uploads\/2023\/04\/nebih_logo_660x220-300x100.jpg 300w, https:\/\/eupharmahub.com\/wp-content\/uploads\/2023\/04\/nebih_logo_660x220-18x6.jpg 18w\" sizes=\"(max-width: 660px) 100vw, 660px\" \/>\t\t\t\t\t\t\t\t\t\t\t\t\t\t\t<\/div>\n\t\t\t\t<\/div>\n\t\t\t\t<div class=\"elementor-element elementor-element-a7b85b7 elementor-align-center elementor-widget elementor-widget-button\" data-id=\"a7b85b7\" data-element_type=\"widget\" data-widget_type=\"button.default\">\n\t\t\t\t<div class=\"elementor-widget-container\">\n\t\t\t\t\t<div class=\"elementor-button-wrapper\">\n\t\t\t<a class=\"elementor-button elementor-button-link elementor-size-md\" href=\"https:\/\/eupharmahub.com\/wp-content\/uploads\/2024\/03\/MIA-HU-V-EUPH-eng-modositas-2021-december.pdf\">\n\t\t\t\t\t\t<span class=\"elementor-button-content-wrapper\">\n\t\t\t\t\t\t<span class=\"elementor-button-text\">Manufacturer's authorisation<\/span>\n\t\t<\/span>\n\t\t\t\t\t<\/a>\n\t\t<\/div>\n\t\t\t\t<\/div>\n\t\t\t\t<\/div>\n\t\t\t\t\t<\/div>\n\t\t<\/div>\n\t\t\t\t<div class=\"elementor-column elementor-col-33 elementor-inner-column elementor-element elementor-element-5fca235b\" data-id=\"5fca235b\" data-element_type=\"column\" data-settings=\"{&quot;background_background&quot;:&quot;classic&quot;}\">\n\t\t\t<div class=\"elementor-widget-wrap elementor-element-populated\">\n\t\t\t\t\t\t\t\t<div class=\"elementor-element elementor-element-4fecf6f elementor-widget elementor-widget-image\" data-id=\"4fecf6f\" data-element_type=\"widget\" data-widget_type=\"image.default\">\n\t\t\t\t<div class=\"elementor-widget-container\">\n\t\t\t\t\t\t\t\t\t\t\t\t\t\t\t<img decoding=\"async\" width=\"660\" height=\"220\" src=\"https:\/\/eupharmahub.com\/wp-content\/uploads\/2023\/04\/nebih_logo_660x220.jpg\" class=\"attachment-large size-large wp-image-674\" alt=\"\" srcset=\"https:\/\/eupharmahub.com\/wp-content\/uploads\/2023\/04\/nebih_logo_660x220.jpg 660w, https:\/\/eupharmahub.com\/wp-content\/uploads\/2023\/04\/nebih_logo_660x220-300x100.jpg 300w, https:\/\/eupharmahub.com\/wp-content\/uploads\/2023\/04\/nebih_logo_660x220-18x6.jpg 18w\" sizes=\"(max-width: 660px) 100vw, 660px\" \/>\t\t\t\t\t\t\t\t\t\t\t\t\t\t\t<\/div>\n\t\t\t\t<\/div>\n\t\t\t\t<div class=\"elementor-element elementor-element-3845bad elementor-align-center elementor-widget elementor-widget-button\" data-id=\"3845bad\" data-element_type=\"widget\" data-widget_type=\"button.default\">\n\t\t\t\t<div class=\"elementor-widget-container\">\n\t\t\t\t\t<div class=\"elementor-button-wrapper\">\n\t\t\t<a class=\"elementor-button elementor-button-link elementor-size-xl\" href=\"https:\/\/eupharmahub.com\/wp-content\/uploads\/2024\/03\/CG-HU_22V_2021-GMP-certificate.pdf\">\n\t\t\t\t\t\t<span class=\"elementor-button-content-wrapper\">\n\t\t\t\t\t\t<span class=\"elementor-button-text\">GMP certificate<\/span>\n\t\t<\/span>\n\t\t\t\t\t<\/a>\n\t\t<\/div>\n\t\t\t\t<\/div>\n\t\t\t\t<\/div>\n\t\t\t\t\t<\/div>\n\t\t<\/div>\n\t\t\t\t<div class=\"elementor-column elementor-col-33 elementor-inner-column elementor-element elementor-element-79f5a29c\" data-id=\"79f5a29c\" data-element_type=\"column\" data-settings=\"{&quot;background_background&quot;:&quot;classic&quot;}\">\n\t\t\t<div class=\"elementor-widget-wrap elementor-element-populated\">\n\t\t\t\t\t\t\t\t<div class=\"elementor-element elementor-element-be76bf2 elementor-widget__width-initial elementor-widget elementor-widget-image\" data-id=\"be76bf2\" data-element_type=\"widget\" data-widget_type=\"image.default\">\n\t\t\t\t<div class=\"elementor-widget-container\">\n\t\t\t\t\t\t\t\t\t\t\t\t\t\t\t<img decoding=\"async\" src=\"https:\/\/eupharmahub.com\/wp-content\/uploads\/2023\/04\/certiso_logo.png\" title=\"certiso_logo\" alt=\"certiso_logo\" loading=\"lazy\" \/>\t\t\t\t\t\t\t\t\t\t\t\t\t\t\t<\/div>\n\t\t\t\t<\/div>\n\t\t\t\t<div class=\"elementor-element elementor-element-20bc871 elementor-align-center elementor-widget elementor-widget-button\" data-id=\"20bc871\" data-element_type=\"widget\" data-widget_type=\"button.default\">\n\t\t\t\t<div class=\"elementor-widget-container\">\n\t\t\t\t\t<div class=\"elementor-button-wrapper\">\n\t\t\t<a class=\"elementor-button elementor-button-link elementor-size-xl\" href=\"https:\/\/eupharmahub.com\/wp-content\/uploads\/2024\/03\/Tanusitvany_ISO9001_European-Pharma_145162-21-09-14_2023-06-05_M09806_hu.pdf\">\n\t\t\t\t\t\t<span class=\"elementor-button-content-wrapper\">\n\t\t\t\t\t\t<span class=\"elementor-button-text\">ISO9001 sertificate<\/span>\n\t\t<\/span>\n\t\t\t\t\t<\/a>\n\t\t<\/div>\n\t\t\t\t<\/div>\n\t\t\t\t<\/div>\n\t\t\t\t\t<\/div>\n\t\t<\/div>\n\t\t\t\t\t\t\t<\/div>\n\t\t<\/section>\n\t\t\t\t<section class=\"elementor-section elementor-inner-section elementor-element elementor-element-3cdc33f6 elementor-section-boxed elementor-section-height-default elementor-section-height-default\" data-id=\"3cdc33f6\" data-element_type=\"section\">\n\t\t\t\t\t\t<div class=\"elementor-container elementor-column-gap-default\">\n\t\t\t\t\t<div class=\"elementor-column elementor-col-50 elementor-inner-column elementor-element elementor-element-5448b13f\" data-id=\"5448b13f\" data-element_type=\"column\" data-settings=\"{&quot;background_background&quot;:&quot;classic&quot;}\">\n\t\t\t<div class=\"elementor-widget-wrap elementor-element-populated\">\n\t\t\t\t\t\t\t\t<div class=\"elementor-element elementor-element-9f956e8 elementor-widget elementor-widget-image\" data-id=\"9f956e8\" data-element_type=\"widget\" data-widget_type=\"image.default\">\n\t\t\t\t<div class=\"elementor-widget-container\">\n\t\t\t\t\t\t\t\t\t\t\t\t\t\t\t<img decoding=\"async\" width=\"290\" height=\"132\" src=\"https:\/\/eupharmahub.com\/wp-content\/uploads\/2023\/04\/ogyei_logo.jpg\" class=\"attachment-large size-large wp-image-725\" alt=\"\" srcset=\"https:\/\/eupharmahub.com\/wp-content\/uploads\/2023\/04\/ogyei_logo.jpg 290w, https:\/\/eupharmahub.com\/wp-content\/uploads\/2023\/04\/ogyei_logo-18x8.jpg 18w\" sizes=\"(max-width: 290px) 100vw, 290px\" \/>\t\t\t\t\t\t\t\t\t\t\t\t\t\t\t<\/div>\n\t\t\t\t<\/div>\n\t\t\t\t<div class=\"elementor-element elementor-element-9d1df0f elementor-align-center elementor-widget elementor-widget-button\" data-id=\"9d1df0f\" data-element_type=\"widget\" data-widget_type=\"button.default\">\n\t\t\t\t<div class=\"elementor-widget-container\">\n\t\t\t\t\t<div class=\"elementor-button-wrapper\">\n\t\t\t<a class=\"elementor-button elementor-button-link elementor-size-xl\" href=\"https:\/\/eupharmahub.com\/wp-content\/uploads\/2024\/03\/HEF-74961-2-2022-hatarozat-GMP-European-PharmaHub_alairt.pdf\">\n\t\t\t\t\t\t<span class=\"elementor-button-content-wrapper\">\n\t\t\t\t\t\t<span class=\"elementor-button-text\">Manufacturer's\/Imporer's authorisation<\/span>\n\t\t<\/span>\n\t\t\t\t\t<\/a>\n\t\t<\/div>\n\t\t\t\t<\/div>\n\t\t\t\t<\/div>\n\t\t\t\t\t<\/div>\n\t\t<\/div>\n\t\t\t\t<div class=\"elementor-column elementor-col-50 elementor-inner-column elementor-element elementor-element-126d04c6\" data-id=\"126d04c6\" data-element_type=\"column\" data-settings=\"{&quot;background_background&quot;:&quot;classic&quot;}\">\n\t\t\t<div class=\"elementor-widget-wrap elementor-element-populated\">\n\t\t\t\t\t\t\t\t<div class=\"elementor-element elementor-element-8fedc6d elementor-widget elementor-widget-image\" data-id=\"8fedc6d\" data-element_type=\"widget\" data-widget_type=\"image.default\">\n\t\t\t\t<div class=\"elementor-widget-container\">\n\t\t\t\t\t\t\t\t\t\t\t\t\t\t\t<img decoding=\"async\" width=\"290\" height=\"132\" src=\"https:\/\/eupharmahub.com\/wp-content\/uploads\/2023\/04\/ogyei_logo.jpg\" class=\"attachment-large size-large wp-image-725\" alt=\"\" srcset=\"https:\/\/eupharmahub.com\/wp-content\/uploads\/2023\/04\/ogyei_logo.jpg 290w, https:\/\/eupharmahub.com\/wp-content\/uploads\/2023\/04\/ogyei_logo-18x8.jpg 18w\" sizes=\"(max-width: 290px) 100vw, 290px\" \/>\t\t\t\t\t\t\t\t\t\t\t\t\t\t\t<\/div>\n\t\t\t\t<\/div>\n\t\t\t\t<div class=\"elementor-element elementor-element-7d653e1 elementor-align-center elementor-widget elementor-widget-button\" data-id=\"7d653e1\" data-element_type=\"widget\" data-widget_type=\"button.default\">\n\t\t\t\t<div class=\"elementor-widget-container\">\n\t\t\t\t\t<div class=\"elementor-button-wrapper\">\n\t\t\t<a class=\"elementor-button elementor-button-link elementor-size-xl\" href=\"https:\/\/eupharmahub.com\/wp-content\/uploads\/2024\/03\/OGYEI_213-5_2020-Gyal-GMP-cert.pdf\">\n\t\t\t\t\t\t<span class=\"elementor-button-content-wrapper\">\n\t\t\t\t\t\t<span class=\"elementor-button-text\">GMP certificate<\/span>\n\t\t<\/span>\n\t\t\t\t\t<\/a>\n\t\t<\/div>\n\t\t\t\t<\/div>\n\t\t\t\t<\/div>\n\t\t\t\t\t<\/div>\n\t\t<\/div>\n\t\t\t\t\t\t\t<\/div>\n\t\t<\/section>\n\t\t\t\t\t<\/div>\n\t\t<\/div>\n\t\t\t\t\t\t\t<\/div>\n\t\t<\/section>\n\t\t\t\t\t\t\t<\/div>","protected":false},"excerpt":{"rendered":"<p>Gy\u00f3gyszergy\u00e1rt\u00e1si enged\u00e9ly GMP tan\u00fas\u00edtv\u00e1ny ISO9001 min\u0151s\u00edt\u00e9s Gy\u00f3gyszergy\u00e1rt\u00e1si IMPORT enged\u00e9ly GMP tan\u00fas\u00edtv\u00e1ny<\/p>","protected":false},"author":1,"featured_media":0,"parent":0,"menu_order":0,"comment_status":"closed","ping_status":"closed","template":"","meta":{"_uf_show_specific_survey":0,"_uf_disable_surveys":false,"footnotes":""},"aioseo_notices":[],"_links":{"self":[{"href":"https:\/\/eupharmahub.com\/en\/wp-json\/wp\/v2\/pages\/653"}],"collection":[{"href":"https:\/\/eupharmahub.com\/en\/wp-json\/wp\/v2\/pages"}],"about":[{"href":"https:\/\/eupharmahub.com\/en\/wp-json\/wp\/v2\/types\/page"}],"author":[{"embeddable":true,"href":"https:\/\/eupharmahub.com\/en\/wp-json\/wp\/v2\/users\/1"}],"replies":[{"embeddable":true,"href":"https:\/\/eupharmahub.com\/en\/wp-json\/wp\/v2\/comments?post=653"}],"version-history":[{"count":72,"href":"https:\/\/eupharmahub.com\/en\/wp-json\/wp\/v2\/pages\/653\/revisions"}],"predecessor-version":[{"id":1133,"href":"https:\/\/eupharmahub.com\/en\/wp-json\/wp\/v2\/pages\/653\/revisions\/1133"}],"wp:attachment":[{"href":"https:\/\/eupharmahub.com\/en\/wp-json\/wp\/v2\/media?parent=653"}],"curies":[{"name":"wp","href":"https:\/\/api.w.org\/{rel}","templated":true}]}}