{"id":1084,"date":"2024-03-05T11:05:57","date_gmt":"2024-03-05T11:05:57","guid":{"rendered":"https:\/\/eupharmahub.com\/?page_id=1084"},"modified":"2024-06-10T11:00:26","modified_gmt":"2024-06-10T11:00:26","slug":"gyogyszer-szallitas","status":"publish","type":"page","link":"https:\/\/eupharmahub.com\/en\/gyogyszer-szallitas\/","title":{"rendered":"Drug delivery"},"content":{"rendered":"<div data-elementor-type=\"wp-page\" data-elementor-id=\"1084\" class=\"elementor elementor-1084\">\n\t\t\t\t\t\t\t\t\t<section class=\"elementor-section elementor-top-section elementor-element elementor-element-49b369b6 elementor-section-height-min-height elementor-section-content-middle elementor-section-full_width elementor-section-height-default elementor-section-items-middle\" data-id=\"49b369b6\" data-element_type=\"section\" data-settings=\"{&quot;background_background&quot;:&quot;slideshow&quot;,&quot;background_slideshow_gallery&quot;:[{&quot;id&quot;:1141,&quot;url&quot;:&quot;https:\\\/\\\/eupharmahub.com\\\/wp-content\\\/uploads\\\/2024\\\/03\\\/pexels-pixabay-56832.jpg&quot;},{&quot;id&quot;:1145,&quot;url&quot;:&quot;https:\\\/\\\/eupharmahub.com\\\/wp-content\\\/uploads\\\/2024\\\/03\\\/pexels-burak-the-weekender-1250664-scaled.jpg&quot;}],&quot;background_slideshow_ken_burns&quot;:&quot;yes&quot;,&quot;background_slideshow_loop&quot;:&quot;yes&quot;,&quot;background_slideshow_slide_duration&quot;:5000,&quot;background_slideshow_slide_transition&quot;:&quot;fade&quot;,&quot;background_slideshow_transition_duration&quot;:500,&quot;background_slideshow_ken_burns_zoom_direction&quot;:&quot;in&quot;}\">\n\t\t\t\t\t\t\t<div class=\"elementor-background-overlay\"><\/div>\n\t\t\t\t\t\t\t<div class=\"elementor-container elementor-column-gap-wider\">\n\t\t\t\t\t<div class=\"elementor-column elementor-col-100 elementor-top-column elementor-element elementor-element-0ff9ab8\" data-id=\"0ff9ab8\" data-element_type=\"column\" data-settings=\"{&quot;background_background&quot;:&quot;classic&quot;}\">\n\t\t\t<div class=\"elementor-widget-wrap elementor-element-populated\">\n\t\t\t\t\t\t\t\t<div class=\"elementor-element elementor-element-cd5eab8 elementor-widget elementor-widget-text-editor\" data-id=\"cd5eab8\" data-element_type=\"widget\" data-widget_type=\"text-editor.default\">\n\t\t\t\t<div class=\"elementor-widget-container\">\n\t\t\t<style>\/*! elementor - v3.15.0 - 20-08-2023 *\/\n.elementor-widget-text-editor.elementor-drop-cap-view-stacked .elementor-drop-cap{background-color:#69727d;color:#fff}.elementor-widget-text-editor.elementor-drop-cap-view-framed .elementor-drop-cap{color:#69727d;border:3px solid;background-color:transparent}.elementor-widget-text-editor:not(.elementor-drop-cap-view-default) .elementor-drop-cap{margin-top:8px}.elementor-widget-text-editor:not(.elementor-drop-cap-view-default) .elementor-drop-cap-letter{width:1em;height:1em}.elementor-widget-text-editor .elementor-drop-cap{float:left;text-align:center;line-height:1;font-size:50px}.elementor-widget-text-editor .elementor-drop-cap-letter{display:inline-block}<\/style>\t\t\t\t<p>Drug delivery in Hungary and abroad!<\/p>\t\t\t\t\t\t<\/div>\n\t\t\t\t<\/div>\n\t\t\t\t<div class=\"elementor-element elementor-element-cfe07a0 elementor-widget elementor-widget-text-editor\" data-id=\"cfe07a0\" data-element_type=\"widget\" data-widget_type=\"text-editor.default\">\n\t\t\t\t<div class=\"elementor-widget-container\">\n\t\t\t\t\t\t\t<p>Are you looking for a new partner in pharmaceutical transport? Choose the European Pharma Hub Team!<\/p>\t\t\t\t\t\t<\/div>\n\t\t\t\t<\/div>\n\t\t\t\t<div class=\"elementor-element elementor-element-878afc1 elementor-align-center elementor-widget elementor-widget-button\" data-id=\"878afc1\" data-element_type=\"widget\" data-widget_type=\"button.default\">\n\t\t\t\t<div class=\"elementor-widget-container\">\n\t\t\t\t\t<div class=\"elementor-button-wrapper\">\n\t\t\t<a class=\"elementor-button elementor-button-link elementor-size-sm\" href=\"https:\/\/eupharmahub.com\/en\/elerhetoseg\/\">\n\t\t\t\t\t\t<span class=\"elementor-button-content-wrapper\">\n\t\t\t\t\t\t<span class=\"elementor-button-text\">I'm interested<\/span>\n\t\t<\/span>\n\t\t\t\t\t<\/a>\n\t\t<\/div>\n\t\t\t\t<\/div>\n\t\t\t\t<\/div>\n\t\t\t\t<div class=\"elementor-element elementor-element-80970a4 elementor-widget elementor-widget-image\" data-id=\"80970a4\" data-element_type=\"widget\" data-widget_type=\"image.default\">\n\t\t\t\t<div class=\"elementor-widget-container\">\n\t\t\t<style>\/*! elementor - v3.15.0 - 20-08-2023 *\/\n.elementor-widget-image{text-align:center}.elementor-widget-image a{display:inline-block}.elementor-widget-image a img[src$=\".svg\"]{width:48px}.elementor-widget-image img{vertical-align:middle;display:inline-block}<\/style>\t\t\t\t\t\t\t\t\t\t\t\t<img decoding=\"async\" width=\"576\" height=\"433\" src=\"https:\/\/eupharmahub.com\/wp-content\/uploads\/2024\/03\/euhub_auto-removebg-preview.png\" class=\"attachment-large size-large wp-image-1137\" alt=\"\" srcset=\"https:\/\/eupharmahub.com\/wp-content\/uploads\/2024\/03\/euhub_auto-removebg-preview.png 576w, https:\/\/eupharmahub.com\/wp-content\/uploads\/2024\/03\/euhub_auto-removebg-preview-300x226.png 300w, https:\/\/eupharmahub.com\/wp-content\/uploads\/2024\/03\/euhub_auto-removebg-preview-16x12.png 16w\" sizes=\"(max-width: 576px) 100vw, 576px\" \/>\t\t\t\t\t\t\t\t\t\t\t\t\t\t\t<\/div>\n\t\t\t\t<\/div>\n\t\t\t\t\t<\/div>\n\t\t<\/div>\n\t\t\t\t\t\t\t<\/div>\n\t\t<\/section>\n\t\t\t\t<section class=\"elementor-section elementor-top-section elementor-element elementor-element-1f8cb45 elementor-section-boxed elementor-section-height-default elementor-section-height-default\" data-id=\"1f8cb45\" data-element_type=\"section\" data-settings=\"{&quot;shape_divider_top&quot;:&quot;tilt&quot;,&quot;background_background&quot;:&quot;classic&quot;,&quot;animation&quot;:&quot;none&quot;}\">\n\t\t\t\t\t<div class=\"elementor-shape elementor-shape-top\" data-negative=\"false\">\n\t\t\t<svg xmlns=\"http:\/\/www.w3.org\/2000\/svg\" viewbox=\"0 0 1000 100\" preserveaspectratio=\"none\">\n\t<path class=\"elementor-shape-fill\" d=\"M0,6V0h1000v100L0,6z\"\/>\n<\/svg>\t\t<\/div>\n\t\t\t\t\t<div class=\"elementor-container elementor-column-gap-default\">\n\t\t\t\t\t<div class=\"elementor-column elementor-col-100 elementor-top-column elementor-element elementor-element-f52e0aa\" data-id=\"f52e0aa\" data-element_type=\"column\">\n\t\t\t<div class=\"elementor-widget-wrap elementor-element-populated\">\n\t\t\t\t\t\t\t\t<div class=\"elementor-element elementor-element-f913d20 elementor-widget elementor-widget-text-editor\" data-id=\"f913d20\" data-element_type=\"widget\" data-widget_type=\"text-editor.default\">\n\t\t\t\t<div class=\"elementor-widget-container\">\n\t\t\t\t\t\t\t<p><strong>With more than 20 years of experience in the pharmaceutical industry behind us, we know what you need! We can help you with the following drug delivery tasks with our cost-effective solutions:<\/strong><\/p>\t\t\t\t\t\t<\/div>\n\t\t\t\t<\/div>\n\t\t\t\t<div class=\"elementor-element elementor-element-9e7deec elementor-widget__width-initial elementor-widget elementor-widget-text-editor\" data-id=\"9e7deec\" data-element_type=\"widget\" data-widget_type=\"text-editor.default\">\n\t\t\t\t<div class=\"elementor-widget-container\">\n\t\t\t\t\t\t\t<ul>\n<li>GMP\/GDP-compliant temperate drug delivery both domestically and within the EU.<\/li>\n<li>Validated vehicles.<\/li>\n<li>Transport at 2-8 \u00b0C and 15-25 \u00b0C.<\/li>\n<li>Tempered drug delivery capacity.<\/li>\n<li>Temperate drug delivery outside the EU, involving audited subcontractors.<\/li>\n<\/ul>\t\t\t\t\t\t<\/div>\n\t\t\t\t<\/div>\n\t\t\t\t\t<\/div>\n\t\t<\/div>\n\t\t\t\t\t\t\t<\/div>\n\t\t<\/section>\n\t\t\t\t<section class=\"elementor-section elementor-top-section elementor-element elementor-element-dab487b elementor-section-boxed elementor-section-height-default elementor-section-height-default\" data-id=\"dab487b\" data-element_type=\"section\" data-settings=\"{&quot;background_background&quot;:&quot;classic&quot;}\">\n\t\t\t\t\t\t<div class=\"elementor-container elementor-column-gap-default\">\n\t\t\t\t\t<div class=\"elementor-column elementor-col-50 elementor-top-column elementor-element elementor-element-61be3a8\" data-id=\"61be3a8\" data-element_type=\"column\">\n\t\t\t<div class=\"elementor-widget-wrap elementor-element-populated\">\n\t\t\t\t\t\t\t\t<div class=\"elementor-element elementor-element-cc9b91c elementor-align-center elementor-widget elementor-widget-button\" data-id=\"cc9b91c\" data-element_type=\"widget\" data-widget_type=\"button.default\">\n\t\t\t\t<div class=\"elementor-widget-container\">\n\t\t\t\t\t<div class=\"elementor-button-wrapper\">\n\t\t\t<a class=\"elementor-button elementor-button-link elementor-size-lg\" href=\"https:\/\/eupharmahub.com\/en\/elerhetoseg\/\">\n\t\t\t\t\t\t<span class=\"elementor-button-content-wrapper\">\n\t\t\t\t\t\t<span class=\"elementor-button-text\">Request an offer<\/span>\n\t\t<\/span>\n\t\t\t\t\t<\/a>\n\t\t<\/div>\n\t\t\t\t<\/div>\n\t\t\t\t<\/div>\n\t\t\t\t\t<\/div>\n\t\t<\/div>\n\t\t\t\t<div class=\"elementor-column elementor-col-50 elementor-top-column elementor-element elementor-element-4448cf0\" data-id=\"4448cf0\" data-element_type=\"column\">\n\t\t\t<div class=\"elementor-widget-wrap elementor-element-populated\">\n\t\t\t\t\t\t\t\t<div class=\"elementor-element elementor-element-abaa875 elementor-align-center elementor-widget elementor-widget-button\" data-id=\"abaa875\" data-element_type=\"widget\" data-widget_type=\"button.default\">\n\t\t\t\t<div class=\"elementor-widget-container\">\n\t\t\t\t\t<div class=\"elementor-button-wrapper\">\n\t\t\t<a class=\"elementor-button elementor-button-link elementor-size-md\" href=\"https:\/\/eupharmahub.com\/en\/munkatarsak\/\">\n\t\t\t\t\t\t<span class=\"elementor-button-content-wrapper\">\n\t\t\t\t\t\t<span class=\"elementor-button-text\">Contact a colleague<\/span>\n\t\t<\/span>\n\t\t\t\t\t<\/a>\n\t\t<\/div>\n\t\t\t\t<\/div>\n\t\t\t\t<\/div>\n\t\t\t\t\t<\/div>\n\t\t<\/div>\n\t\t\t\t\t\t\t<\/div>\n\t\t<\/section>\n\t\t\t\t\t\t\t<\/div>","protected":false},"excerpt":{"rendered":"<p>Gy\u00f3gyszersz\u00e1ll\u00edt\u00e1s orsz\u00e1gosan \u00e9s k\u00fclf\u00f6ldre is! Gy\u00f3gyszer sz\u00e1ll\u00edtm\u00e1nyoz\u00e1sban keresi \u00faj Partner\u00e9t? V\u00e1lassza az European Pharma Hub Csapat\u00e1t! \u00c9rdekl\u0151d\u00f6m T\u00f6bb, mint 20 \u00e9ves gy\u00f3gyszeripari tapasztalattal a h\u00e1tunk m\u00f6g\u00f6tt tudjuk, hogy \u00d6nnek mire van sz\u00fcks\u00e9ge! Az al\u00e1bbi gy\u00f3gyszer sz\u00e1ll\u00edtm\u00e1nyoz\u00e1si feladatokban tudunk \u00d6nnek seg\u00edteni k\u00f6lts\u00e9ghat\u00e9kony megold\u00e1sainkkal: GMP\/GDP-nek megfelel\u0151 temper\u00e1lt gy\u00f3gyszersz\u00e1ll\u00edt\u00e1s belf\u00f6ld\u00f6n \u00e9s EU-n bel\u00fcl egyar\u00e1nt. Valid\u00e1lt g\u00e9pj\u00e1rm\u0171vek. 2-8 \u00b0C [&hellip;]<\/p>","protected":false},"author":1,"featured_media":0,"parent":0,"menu_order":0,"comment_status":"closed","ping_status":"closed","template":"","meta":{"_uf_show_specific_survey":0,"_uf_disable_surveys":false,"footnotes":""},"aioseo_notices":[],"_links":{"self":[{"href":"https:\/\/eupharmahub.com\/en\/wp-json\/wp\/v2\/pages\/1084"}],"collection":[{"href":"https:\/\/eupharmahub.com\/en\/wp-json\/wp\/v2\/pages"}],"about":[{"href":"https:\/\/eupharmahub.com\/en\/wp-json\/wp\/v2\/types\/page"}],"author":[{"embeddable":true,"href":"https:\/\/eupharmahub.com\/en\/wp-json\/wp\/v2\/users\/1"}],"replies":[{"embeddable":true,"href":"https:\/\/eupharmahub.com\/en\/wp-json\/wp\/v2\/comments?post=1084"}],"version-history":[{"count":23,"href":"https:\/\/eupharmahub.com\/en\/wp-json\/wp\/v2\/pages\/1084\/revisions"}],"predecessor-version":[{"id":1240,"href":"https:\/\/eupharmahub.com\/en\/wp-json\/wp\/v2\/pages\/1084\/revisions\/1240"}],"wp:attachment":[{"href":"https:\/\/eupharmahub.com\/en\/wp-json\/wp\/v2\/media?parent=1084"}],"curies":[{"name":"wp","href":"https:\/\/api.w.org\/{rel}","templated":true}]}}